{"id":938,"date":"2022-03-04T04:32:55","date_gmt":"2022-03-04T04:32:55","guid":{"rendered":"https:\/\/sas-eurodistribution.com\/?page_id=938"},"modified":"2023-08-30T13:05:15","modified_gmt":"2023-08-30T11:05:15","slug":"admission","status":"publish","type":"page","link":"https:\/\/sas-eurodistribution.com\/fr\/admission\/","title":{"rendered":"Admission"},"content":{"rendered":"<div data-elementor-type=\"wp-page\" data-elementor-id=\"938\" class=\"elementor elementor-938\" data-elementor-post-type=\"page\">\n\t\t\t\t\t\t<section class=\"elementor-section elementor-top-section elementor-element elementor-element-fbd8b85 elementor-section-boxed elementor-section-height-default elementor-section-height-default\" data-id=\"fbd8b85\" data-element_type=\"section\" data-e-type=\"section\" data-settings=\"{&quot;background_background&quot;:&quot;classic&quot;}\">\n\t\t\t\t\t\t<div class=\"elementor-container elementor-column-gap-no\">\n\t\t\t\t\t<div class=\"elementor-column elementor-col-100 elementor-top-column elementor-element elementor-element-12023fb\" data-id=\"12023fb\" data-element_type=\"column\" data-e-type=\"column\">\n\t\t\t<div class=\"elementor-widget-wrap elementor-element-populated\">\n\t\t\t\t\t\t<section class=\"elementor-section elementor-inner-section elementor-element elementor-element-5ac675f elementor-section-boxed elementor-section-height-default elementor-section-height-default\" data-id=\"5ac675f\" data-element_type=\"section\" data-e-type=\"section\">\n\t\t\t\t\t\t<div class=\"elementor-container elementor-column-gap-no\">\n\t\t\t\t\t<div class=\"elementor-column elementor-col-100 elementor-inner-column elementor-element elementor-element-1378fb8\" data-id=\"1378fb8\" data-element_type=\"column\" data-e-type=\"column\">\n\t\t\t<div class=\"elementor-widget-wrap elementor-element-populated\">\n\t\t\t\t\t\t<div class=\"elementor-element elementor-element-1ad68a8 elementor-widget elementor-widget-heading\" data-id=\"1ad68a8\" data-element_type=\"widget\" data-e-type=\"widget\" data-widget_type=\"heading.default\">\n\t\t\t\t<div class=\"elementor-widget-container\">\n\t\t\t\t\t<h3 class=\"elementor-heading-title elementor-size-default\">Informations avant achat<\/h3>\t\t\t\t<\/div>\n\t\t\t\t<\/div>\n\t\t\t\t\t<\/div>\n\t\t<\/div>\n\t\t\t\t\t<\/div>\n\t\t<\/section>\n\t\t\t\t<section class=\"elementor-section elementor-inner-section elementor-element elementor-element-f4ac31b elementor-section-boxed elementor-section-height-default elementor-section-height-default\" data-id=\"f4ac31b\" data-element_type=\"section\" data-e-type=\"section\">\n\t\t\t\t\t\t<div class=\"elementor-container elementor-column-gap-no\">\n\t\t\t\t\t<div class=\"elementor-column elementor-col-50 elementor-inner-column elementor-element elementor-element-3700ebb\" data-id=\"3700ebb\" data-element_type=\"column\" data-e-type=\"column\">\n\t\t\t<div class=\"elementor-widget-wrap elementor-element-populated\">\n\t\t\t\t\t\t<div class=\"elementor-element elementor-element-bfa1bbf elementor-widget elementor-widget-heading\" data-id=\"bfa1bbf\" data-element_type=\"widget\" data-e-type=\"widget\" data-widget_type=\"heading.default\">\n\t\t\t\t<div class=\"elementor-widget-container\">\n\t\t\t\t\t<h2 class=\"elementor-heading-title elementor-size-default\">01<\/h2>\t\t\t\t<\/div>\n\t\t\t\t<\/div>\n\t\t\t\t<div class=\"elementor-element elementor-element-f4f09b0 elementor-widget elementor-widget-icon-box\" data-id=\"f4f09b0\" data-element_type=\"widget\" data-e-type=\"widget\" data-widget_type=\"icon-box.default\">\n\t\t\t\t<div class=\"elementor-widget-container\">\n\t\t\t\t\t\t\t<div class=\"elementor-icon-box-wrapper\">\n\n\t\t\t\n\t\t\t\t\t\t<div class=\"elementor-icon-box-content\">\n\n\t\t\t\t\t\t\t\t\t<h5 class=\"elementor-icon-box-title\">\n\t\t\t\t\t\t<span  >\n\t\t\t\t\t\t\tExportation \u2013 Allemagne \u2013 France \u2013 Belgique-Portugal\t\t\t\t\t\t<\/span>\n\t\t\t\t\t<\/h5>\n\t\t\t\t\n\t\t\t\t\t\t\t\t\t<p class=\"elementor-icon-box-description\">\n\t\t\t\t\t\tNous offrons des opportunit\u00e9s de voitures export\u00e9es de l\u2019Allemagne en parfait \u00e9tat niveau carrosserie et moteur , non accident\u00e9es, \u00e0 des prix tr\u00e8s attractifs.\n\nNous livrons en France et en Belgique.\n\nLes tarifs que nous appliquons en Allemagne sont les m\u00eames que nous offrons pour la France et la Belgique ce qui explique l\u2019attractivit\u00e9 de nos prix.\n\nA ce prix est ajout\u00e9 500\u20ac de transport pour avoir une voiture immatricul\u00e9e avec carte grise que ce soit en France ou en Belgique.\t\t\t\t\t<\/p>\n\t\t\t\t\n\t\t\t<\/div>\n\t\t\t\n\t\t<\/div>\n\t\t\t\t\t\t<\/div>\n\t\t\t\t<\/div>\n\t\t\t\t\t<\/div>\n\t\t<\/div>\n\t\t\t\t<div class=\"elementor-column elementor-col-50 elementor-inner-column elementor-element elementor-element-216a15e\" data-id=\"216a15e\" data-element_type=\"column\" data-e-type=\"column\">\n\t\t\t<div class=\"elementor-widget-wrap elementor-element-populated\">\n\t\t\t\t\t\t<div class=\"elementor-element elementor-element-95eb57d elementor-widget elementor-widget-heading\" data-id=\"95eb57d\" data-element_type=\"widget\" data-e-type=\"widget\" data-widget_type=\"heading.default\">\n\t\t\t\t<div class=\"elementor-widget-container\">\n\t\t\t\t\t<h2 class=\"elementor-heading-title elementor-size-default\">02<\/h2>\t\t\t\t<\/div>\n\t\t\t\t<\/div>\n\t\t\t\t<div class=\"elementor-element elementor-element-359a350 elementor-widget elementor-widget-icon-box\" data-id=\"359a350\" data-element_type=\"widget\" data-e-type=\"widget\" data-widget_type=\"icon-box.default\">\n\t\t\t\t<div class=\"elementor-widget-container\">\n\t\t\t\t\t\t\t<div class=\"elementor-icon-box-wrapper\">\n\n\t\t\t\n\t\t\t\t\t\t<div class=\"elementor-icon-box-content\">\n\n\t\t\t\t\t\t\t\t\t<h5 class=\"elementor-icon-box-title\">\n\t\t\t\t\t\t<span  >\n\t\t\t\t\t\t\tSimulation\t\t\t\t\t\t<\/span>\n\t\t\t\t\t<\/h5>\n\t\t\t\t\n\t\t\t\t\t\t\t\t\t<p class=\"elementor-icon-box-description\">\n\t\t\t\t\t\tPour une voiture \u00e0 10.000\u20ac sur annonce , le prix de vente avec carte grise en votre nom et livraison \u00e0 domicile est de 10.500\u20ac.\n\nLe d\u00e9lai de livraison pour la Belgique ou la France : 5 jours.\t\t\t\t\t<\/p>\n\t\t\t\t\n\t\t\t<\/div>\n\t\t\t\n\t\t<\/div>\n\t\t\t\t\t\t<\/div>\n\t\t\t\t<\/div>\n\t\t\t\t\t<\/div>\n\t\t<\/div>\n\t\t\t\t\t<\/div>\n\t\t<\/section>\n\t\t\t\t<section class=\"elementor-section elementor-inner-section elementor-element elementor-element-348d5ab elementor-section-boxed elementor-section-height-default elementor-section-height-default\" data-id=\"348d5ab\" data-element_type=\"section\" data-e-type=\"section\">\n\t\t\t\t\t\t<div class=\"elementor-container elementor-column-gap-no\">\n\t\t\t\t\t<div class=\"elementor-column elementor-col-50 elementor-inner-column elementor-element elementor-element-90d91e7\" data-id=\"90d91e7\" data-element_type=\"column\" data-e-type=\"column\">\n\t\t\t<div class=\"elementor-widget-wrap elementor-element-populated\">\n\t\t\t\t\t\t<div class=\"elementor-element elementor-element-6f5ec09 elementor-widget elementor-widget-heading\" data-id=\"6f5ec09\" data-element_type=\"widget\" data-e-type=\"widget\" data-widget_type=\"heading.default\">\n\t\t\t\t<div class=\"elementor-widget-container\">\n\t\t\t\t\t<h2 class=\"elementor-heading-title elementor-size-default\">03<\/h2>\t\t\t\t<\/div>\n\t\t\t\t<\/div>\n\t\t\t\t<div class=\"elementor-element elementor-element-15c75bd elementor-widget elementor-widget-icon-box\" data-id=\"15c75bd\" data-element_type=\"widget\" data-e-type=\"widget\" data-widget_type=\"icon-box.default\">\n\t\t\t\t<div class=\"elementor-widget-container\">\n\t\t\t\t\t\t\t<div class=\"elementor-icon-box-wrapper\">\n\n\t\t\t\n\t\t\t\t\t\t<div class=\"elementor-icon-box-content\">\n\n\t\t\t\t\t\t\t\t\t<h5 class=\"elementor-icon-box-title\">\n\t\t\t\t\t\t<span  >\n\t\t\t\t\t\t\tFacilit\u00e9 de paiement\t\t\t\t\t\t<\/span>\n\t\t\t\t\t<\/h5>\n\t\t\t\t\n\t\t\t\t\n\t\t\t<\/div>\n\t\t\t\n\t\t<\/div>\n\t\t\t\t\t\t<\/div>\n\t\t\t\t<\/div>\n\t\t\t\t<div class=\"elementor-element elementor-element-1c04be5 elementor-widget elementor-widget-text-editor\" data-id=\"1c04be5\" data-element_type=\"widget\" data-e-type=\"widget\" data-widget_type=\"text-editor.default\">\n\t\t\t\t<div class=\"elementor-widget-container\">\n\t\t\t\t\t\t\t\t\t<p>Pour un paiement en plusieurs fois , vous aurez a verser un acompte minimum de 25% et les 75% restants en mensualit\u00e9 , sur une dur\u00e9e de votre choix entre 6 \u00e0 36 mois a un taux de 0%.<\/p><p><br \/><strong>DOCUMENTS \u00c0 FOURNIR<\/strong><br \/>-Pi\u00e8ce d\u2019identit\u00e9<br \/>-Facture de domicile .<\/p>\t\t\t\t\t\t\t\t<\/div>\n\t\t\t\t<\/div>\n\t\t\t\t\t<\/div>\n\t\t<\/div>\n\t\t\t\t<div class=\"elementor-column elementor-col-50 elementor-inner-column elementor-element elementor-element-d67f9f5\" data-id=\"d67f9f5\" data-element_type=\"column\" data-e-type=\"column\">\n\t\t\t<div class=\"elementor-widget-wrap elementor-element-populated\">\n\t\t\t\t\t\t<div class=\"elementor-element elementor-element-cf5ccc1 elementor-widget elementor-widget-heading\" data-id=\"cf5ccc1\" data-element_type=\"widget\" data-e-type=\"widget\" data-widget_type=\"heading.default\">\n\t\t\t\t<div class=\"elementor-widget-container\">\n\t\t\t\t\t<h2 class=\"elementor-heading-title elementor-size-default\">04<\/h2>\t\t\t\t<\/div>\n\t\t\t\t<\/div>\n\t\t\t\t<div class=\"elementor-element elementor-element-759e6ed elementor-widget elementor-widget-icon-box\" data-id=\"759e6ed\" data-element_type=\"widget\" data-e-type=\"widget\" data-widget_type=\"icon-box.default\">\n\t\t\t\t<div class=\"elementor-widget-container\">\n\t\t\t\t\t\t\t<div class=\"elementor-icon-box-wrapper\">\n\n\t\t\t\n\t\t\t\t\t\t<div class=\"elementor-icon-box-content\">\n\n\t\t\t\t\t\t\t\t\t<h5 class=\"elementor-icon-box-title\">\n\t\t\t\t\t\t<span  >\n\t\t\t\t\t\t\tPolitique de retour et garantie\t\t\t\t\t\t<\/span>\n\t\t\t\t\t<\/h5>\n\t\t\t\t\n\t\t\t\t\n\t\t\t<\/div>\n\t\t\t\n\t\t<\/div>\n\t\t\t\t\t\t<\/div>\n\t\t\t\t<\/div>\n\t\t\t\t<div class=\"elementor-element elementor-element-797e8c5 elementor-widget elementor-widget-text-editor\" data-id=\"797e8c5\" data-element_type=\"widget\" data-e-type=\"widget\" data-widget_type=\"text-editor.default\">\n\t\t\t\t<div class=\"elementor-widget-container\">\n\t\t\t\t\t\t\t\t\t<p>Dans le cadre de garantir une meilleure transaction, nos ventes sont soumises \u00e0 des conditions et politiques de retour en vigueur:<\/p><p>\u2013 Apr\u00e8s livraison , conform\u00e9ment \u00e0 la loi en consommation sur internet , vous avez 14 jours pour refuser ou \u00e9changer le v\u00e9hicule ou vous faire rembourser<\/p><p>\u2013 En cas de non convenance apr\u00e8s v\u00e9rifications \u00e0 la livraison , la voiture peut \u00eatre refus\u00e9e ou chang\u00e9e par le client ou rembours\u00e9e sans autre forme de proc\u00e8s<\/p><p>\u2013 D\u00e8s la livraison de la voiture, un garage est attribu\u00e9 \u00e0 l\u2019acqu\u00e9reur dans son p\u00e9rim\u00e8tre de r\u00e9sidence et qui s\u2019occupe de la garantie sur la voiture.<\/p><p>Pour plus d\u2019informations sur les modalit\u00e9s de commande, contacter un commercial sur WHATSAPP OU SUR MESSENGER<\/p>\t\t\t\t\t\t\t\t<\/div>\n\t\t\t\t<\/div>\n\t\t\t\t\t<\/div>\n\t\t<\/div>\n\t\t\t\t\t<\/div>\n\t\t<\/section>\n\t\t\t\t<section class=\"elementor-section elementor-inner-section elementor-element elementor-element-eebebc1 elementor-section-boxed elementor-section-height-default elementor-section-height-default\" data-id=\"eebebc1\" data-element_type=\"section\" data-e-type=\"section\">\n\t\t\t\t\t\t<div class=\"elementor-container elementor-column-gap-no\">\n\t\t\t\t\t<div class=\"elementor-column elementor-col-100 elementor-inner-column elementor-element elementor-element-cd85b81\" data-id=\"cd85b81\" data-element_type=\"column\" data-e-type=\"column\">\n\t\t\t<div class=\"elementor-widget-wrap elementor-element-populated\">\n\t\t\t\t\t\t<div class=\"elementor-element elementor-element-d81430c elementor-widget elementor-widget-heading\" data-id=\"d81430c\" data-element_type=\"widget\" data-e-type=\"widget\" data-widget_type=\"heading.default\">\n\t\t\t\t<div class=\"elementor-widget-container\">\n\t\t\t\t\t<h2 class=\"elementor-heading-title elementor-size-default\">05<\/h2>\t\t\t\t<\/div>\n\t\t\t\t<\/div>\n\t\t\t\t<div class=\"elementor-element elementor-element-2d1c4e4 elementor-widget elementor-widget-heading\" data-id=\"2d1c4e4\" data-element_type=\"widget\" data-e-type=\"widget\" data-widget_type=\"heading.default\">\n\t\t\t\t<div class=\"elementor-widget-container\">\n\t\t\t\t\t<h5 class=\"elementor-heading-title elementor-size-default\">Important \u00e0 savoir<\/h5>\t\t\t\t<\/div>\n\t\t\t\t<\/div>\n\t\t\t\t<div class=\"elementor-element elementor-element-5988334 elementor-widget elementor-widget-text-editor\" data-id=\"5988334\" data-element_type=\"widget\" data-e-type=\"widget\" data-widget_type=\"text-editor.default\">\n\t\t\t\t<div class=\"elementor-widget-container\">\n\t\t\t\t\t\t\t\t\t<p>Nous importons nos v\u00e9hicules de l\u2019Allemagne \ud83c\udde9\ud83c\uddea et uniquement sur commande.<\/p><p>-Le prix affich\u00e9 sur chaque voiture comprend tous les taxes d\u2019importation jusqu\u2019\u00e0 l\u2019immatriculation .<\/p><p>Nous vous livrons le v\u00e9hicule avec tout les documents et papiers en votre nom, carte grise et plaque d\u2019immatriculation de votre pays d\u00e9j\u00e0 l\u00e9galis\u00e9.<\/p><p>La livraison s\u2019effectue dans un d\u00e9lai de 5 jours pour 500\u20ac, Donc pour avoir le prix TTC ( toutes taxes comprises.) d\u2019un v\u00e9hicule vous ajoutez 500\u20ac au prix affich\u00e9 sur l\u2019annonce.<\/p><p>L\u2019avantage de nos prix de vente par rapport au prix march\u00e9 est du au fait que les importations effectu\u00e9es par notre soci\u00e9t\u00e9 ne sont plus soumises \u00e0 une TVA suppl\u00e9mentaire de 20% car nous sommes un professionnel Automobile et disposons d\u2019un num\u00e9ro de TVA INTRA pour exporter dans toute l\u2019Europe sans taxes suppl\u00e9mentaires.<\/p><p>-Pour commander un v\u00e9hicule, il vous sera \u00e9tabli un devis de commande.<br \/>Suite \u00e0 ce devis , nous exigeons le d\u00e9p\u00f4t d\u2019un acompte de 25% par virement bancaire avant l\u2019exp\u00e9dition du v\u00e9hicule car nous ne pouvons pas transporter un v\u00e9hicule sans aucun engagement d\u2019achat. Le montant restant est pay\u00e9 \u00e0 la livraison apr\u00e8s essai du v\u00e9hicule . <br \/>En cas de non convenance apr\u00e8s v\u00e9rifications a la livraison , le v\u00e9hicule peut \u00eatre refus\u00e9 et vous serai rembours\u00e9 sans autre forme de proc\u00e8s.<\/p><p>En accord avec nos conditions de vente veuillez nous le confirmer pour recevoir les conditions et politiques de retour en vigueur<\/p>\t\t\t\t\t\t\t\t<\/div>\n\t\t\t\t<\/div>\n\t\t\t\t\t<\/div>\n\t\t<\/div>\n\t\t\t\t\t<\/div>\n\t\t<\/section>\n\t\t\t\t\t<\/div>\n\t\t<\/div>\n\t\t\t\t\t<\/div>\n\t\t<\/section>\n\t\t\t\t<section class=\"elementor-section elementor-top-section elementor-element elementor-element-7311fbe3 elementor-section-boxed elementor-section-height-default elementor-section-height-default\" data-id=\"7311fbe3\" data-element_type=\"section\" data-e-type=\"section\" data-settings=\"{&quot;background_background&quot;:&quot;gradient&quot;}\">\n\t\t\t\t\t\t<div class=\"elementor-container elementor-column-gap-no\">\n\t\t\t\t\t<div class=\"elementor-column elementor-col-100 elementor-top-column elementor-element elementor-element-73df5c41\" data-id=\"73df5c41\" data-element_type=\"column\" data-e-type=\"column\">\n\t\t\t<div class=\"elementor-widget-wrap elementor-element-populated\">\n\t\t\t\t\t\t<section class=\"elementor-section elementor-inner-section elementor-element elementor-element-4d719689 elementor-section-full_width elementor-section-height-default elementor-section-height-default\" data-id=\"4d719689\" data-element_type=\"section\" data-e-type=\"section\">\n\t\t\t\t\t\t<div class=\"elementor-container elementor-column-gap-no\">\n\t\t\t\t\t<div class=\"elementor-column elementor-col-50 elementor-inner-column elementor-element elementor-element-69bf9fb6\" data-id=\"69bf9fb6\" data-element_type=\"column\" data-e-type=\"column\">\n\t\t\t<div class=\"elementor-widget-wrap elementor-element-populated\">\n\t\t\t\t\t\t<div class=\"elementor-element elementor-element-53be75ed elementor-widget elementor-widget-image\" data-id=\"53be75ed\" data-element_type=\"widget\" data-e-type=\"widget\" data-widget_type=\"image.default\">\n\t\t\t\t<div class=\"elementor-widget-container\">\n\t\t\t\t\t\t\t\t\t\t\t\t\t\t\t<img decoding=\"async\" src=\"https:\/\/sas-eurodistribution.com\/wp-content\/uploads\/elementor\/thumbs\/img-9-diapo_92-vehicules-d-exception-importez-votre-voiture-en-toute-quietude-1520934070-1-qarqoqkzdc8hiuecc1hg2p2g3hmu9i36hftcpxxcio.jpg\" title=\"img-9-diapo_92-vehicules-d-exception&#8212;importez-votre-voiture-en-toute-quietude-1520934070\" alt=\"img-9-diapo_92-vehicules-d-exception---importez-votre-voiture-en-toute-quietude-1520934070\" loading=\"lazy\" \/>\t\t\t\t\t\t\t\t\t\t\t\t\t\t\t<\/div>\n\t\t\t\t<\/div>\n\t\t\t\t\t<\/div>\n\t\t<\/div>\n\t\t\t\t<div class=\"elementor-column elementor-col-50 elementor-inner-column elementor-element elementor-element-987abee\" data-id=\"987abee\" data-element_type=\"column\" data-e-type=\"column\">\n\t\t\t<div class=\"elementor-widget-wrap elementor-element-populated\">\n\t\t\t\t\t\t<div class=\"elementor-element elementor-element-e95fb65 elementor-widget elementor-widget-image\" data-id=\"e95fb65\" data-element_type=\"widget\" data-e-type=\"widget\" data-widget_type=\"image.default\">\n\t\t\t\t<div class=\"elementor-widget-container\">\n\t\t\t\t\t\t\t\t\t\t\t\t\t\t\t<img decoding=\"async\" src=\"https:\/\/sas-eurodistribution.com\/wp-content\/uploads\/elementor\/thumbs\/1662945610_327_Les-25-meilleures-voitures-a-transmission-manuelle-en-2022-qarqaya74td38qf8u2yfi6b2g1l1dbcwl7czbud7s0.jpg\" title=\"1662945610_327_Les-25-meilleures-voitures-a-transmission-manuelle-en-2022\" alt=\"1662945610_327_Les-25-meilleures-voitures-a-transmission-manuelle-en-2022\" loading=\"lazy\" \/>\t\t\t\t\t\t\t\t\t\t\t\t\t\t\t<\/div>\n\t\t\t\t<\/div>\n\t\t\t\t\t<\/div>\n\t\t<\/div>\n\t\t\t\t\t<\/div>\n\t\t<\/section>\n\t\t\t\t<section class=\"elementor-section elementor-inner-section elementor-element elementor-element-be2915e elementor-section-full_width elementor-section-height-default elementor-section-height-default\" data-id=\"be2915e\" data-element_type=\"section\" data-e-type=\"section\">\n\t\t\t\t\t\t<div class=\"elementor-container elementor-column-gap-no\">\n\t\t\t\t\t<div class=\"elementor-column elementor-col-25 elementor-inner-column elementor-element elementor-element-55e64bb8\" data-id=\"55e64bb8\" data-element_type=\"column\" data-e-type=\"column\">\n\t\t\t<div class=\"elementor-widget-wrap elementor-element-populated\">\n\t\t\t\t\t\t<div class=\"elementor-element elementor-element-644f990f elementor-widget elementor-widget-image\" data-id=\"644f990f\" data-element_type=\"widget\" data-e-type=\"widget\" data-widget_type=\"image.default\">\n\t\t\t\t<div class=\"elementor-widget-container\">\n\t\t\t\t\t\t\t\t\t\t\t\t\t\t\t<img decoding=\"async\" src=\"https:\/\/sas-eurodistribution.com\/wp-content\/uploads\/elementor\/thumbs\/pexels-kamshotthat-3457780-scaled-qarqk39lk3x3blg77ny3x9cu7dizu0jzo0opots00w.jpg\" title=\"pexels-kamshotthat-3457780\" alt=\"pexels-kamshotthat-3457780\" loading=\"lazy\" \/>\t\t\t\t\t\t\t\t\t\t\t\t\t\t\t<\/div>\n\t\t\t\t<\/div>\n\t\t\t\t\t<\/div>\n\t\t<\/div>\n\t\t\t\t<div class=\"elementor-column elementor-col-25 elementor-inner-column elementor-element elementor-element-6acb8036\" data-id=\"6acb8036\" data-element_type=\"column\" data-e-type=\"column\">\n\t\t\t<div class=\"elementor-widget-wrap elementor-element-populated\">\n\t\t\t\t\t\t<div class=\"elementor-element elementor-element-7c79cd85 elementor-widget elementor-widget-image\" data-id=\"7c79cd85\" data-element_type=\"widget\" data-e-type=\"widget\" data-widget_type=\"image.default\">\n\t\t\t\t<div class=\"elementor-widget-container\">\n\t\t\t\t\t\t\t\t\t\t\t\t\t\t\t<img decoding=\"async\" src=\"https:\/\/sas-eurodistribution.com\/wp-content\/uploads\/elementor\/thumbs\/pexels-evgeniy-zabrodin-8634582-scaled-qarql8mhwthpifs4i5toyyx4cbv58p46hpe2t02of4.jpg\" title=\"pexels-evgeniy-zabrodin-8634582\" alt=\"pexels-evgeniy-zabrodin-8634582\" loading=\"lazy\" \/>\t\t\t\t\t\t\t\t\t\t\t\t\t\t\t<\/div>\n\t\t\t\t<\/div>\n\t\t\t\t\t<\/div>\n\t\t<\/div>\n\t\t\t\t<div class=\"elementor-column elementor-col-50 elementor-inner-column elementor-element elementor-element-5d49b198\" data-id=\"5d49b198\" data-element_type=\"column\" data-e-type=\"column\">\n\t\t\t<div class=\"elementor-widget-wrap elementor-element-populated\">\n\t\t\t\t\t\t<div class=\"elementor-element elementor-element-2eedc942 elementor-widget elementor-widget-image\" data-id=\"2eedc942\" data-element_type=\"widget\" data-e-type=\"widget\" data-widget_type=\"image.default\">\n\t\t\t\t<div class=\"elementor-widget-container\">\n\t\t\t\t\t\t\t\t\t\t\t\t\t\t\t<img decoding=\"async\" src=\"https:\/\/sas-eurodistribution.com\/wp-content\/uploads\/elementor\/thumbs\/evialog.85550699.logo_-qarodqg1v0lyagys0nuge543nkqzjpkhelws3azvz4.jpeg\" title=\"evialog.85550699.logo\" alt=\"evialog.85550699.logo\" loading=\"lazy\" \/>\t\t\t\t\t\t\t\t\t\t\t\t\t\t\t<\/div>\n\t\t\t\t<\/div>\n\t\t\t\t\t<\/div>\n\t\t<\/div>\n\t\t\t\t\t<\/div>\n\t\t<\/section>\n\t\t\t\t\t<\/div>\n\t\t<\/div>\n\t\t\t\t\t<\/div>\n\t\t<\/section>\n\t\t\t\t<\/div>","protected":false},"excerpt":{"rendered":"<p>Informations avant achat 01 Exportation \u2013 Allemagne \u2013 France \u2013 Belgique-Portugal Nous offrons des opportunit\u00e9s de voitures export\u00e9es de l\u2019Allemagne en parfait \u00e9tat niveau carrosserie et moteur , non accident\u00e9es, \u00e0 des prix tr\u00e8s attractifs. Nous livrons en France et en Belgique. Les tarifs que nous appliquons en Allemagne sont les m\u00eames que nous offrons [&hellip;]<\/p>\n","protected":false},"author":1,"featured_media":0,"parent":0,"menu_order":0,"comment_status":"closed","ping_status":"closed","template":"","meta":{"site-sidebar-layout":"no-sidebar","site-content-layout":"page-builder","ast-site-content-layout":"default","site-content-style":"default","site-sidebar-style":"default","ast-global-header-display":"","ast-banner-title-visibility":"","ast-main-header-display":"","ast-hfb-above-header-display":"","ast-hfb-below-header-display":"","ast-hfb-mobile-header-display":"","site-post-title":"disabled","ast-breadcrumbs-content":"","ast-featured-img":"disabled","footer-sml-layout":"","ast-disable-related-posts":"","theme-transparent-header-meta":"enabled","adv-header-id-meta":"","stick-header-meta":"","header-above-stick-meta":"","header-main-stick-meta":"","header-below-stick-meta":"","astra-migrate-meta-layouts":"default","ast-page-background-enabled":"default","ast-page-background-meta":{"desktop":{"background-color":"var(--ast-global-color-4)","background-image":"","background-repeat":"repeat","background-position":"center center","background-size":"auto","background-attachment":"scroll","background-type":"","background-media":"","overlay-type":"","overlay-color":"","overlay-opacity":"","overlay-gradient":""},"tablet":{"background-color":"","background-image":"","background-repeat":"repeat","background-position":"center center","background-size":"auto","background-attachment":"scroll","background-type":"","background-media":"","overlay-type":"","overlay-color":"","overlay-opacity":"","overlay-gradient":""},"mobile":{"background-color":"","background-image":"","background-repeat":"repeat","background-position":"center center","background-size":"auto","background-attachment":"scroll","background-type":"","background-media":"","overlay-type":"","overlay-color":"","overlay-opacity":"","overlay-gradient":""}},"ast-content-background-meta":{"desktop":{"background-color":"var(--ast-global-color-5)","background-image":"","background-repeat":"repeat","background-position":"center center","background-size":"auto","background-attachment":"scroll","background-type":"","background-media":"","overlay-type":"","overlay-color":"","overlay-opacity":"","overlay-gradient":""},"tablet":{"background-color":"var(--ast-global-color-5)","background-image":"","background-repeat":"repeat","background-position":"center center","background-size":"auto","background-attachment":"scroll","background-type":"","background-media":"","overlay-type":"","overlay-color":"","overlay-opacity":"","overlay-gradient":""},"mobile":{"background-color":"var(--ast-global-color-5)","background-image":"","background-repeat":"repeat","background-position":"center center","background-size":"auto","background-attachment":"scroll","background-type":"","background-media":"","overlay-type":"","overlay-color":"","overlay-opacity":"","overlay-gradient":""}},"footnotes":""},"class_list":["post-938","page","type-page","status-publish","hentry"],"_links":{"self":[{"href":"https:\/\/sas-eurodistribution.com\/fr\/wp-json\/wp\/v2\/pages\/938","targetHints":{"allow":["GET"]}}],"collection":[{"href":"https:\/\/sas-eurodistribution.com\/fr\/wp-json\/wp\/v2\/pages"}],"about":[{"href":"https:\/\/sas-eurodistribution.com\/fr\/wp-json\/wp\/v2\/types\/page"}],"author":[{"embeddable":true,"href":"https:\/\/sas-eurodistribution.com\/fr\/wp-json\/wp\/v2\/users\/1"}],"replies":[{"embeddable":true,"href":"https:\/\/sas-eurodistribution.com\/fr\/wp-json\/wp\/v2\/comments?post=938"}],"version-history":[{"count":22,"href":"https:\/\/sas-eurodistribution.com\/fr\/wp-json\/wp\/v2\/pages\/938\/revisions"}],"predecessor-version":[{"id":1788,"href":"https:\/\/sas-eurodistribution.com\/fr\/wp-json\/wp\/v2\/pages\/938\/revisions\/1788"}],"wp:attachment":[{"href":"https:\/\/sas-eurodistribution.com\/fr\/wp-json\/wp\/v2\/media?parent=938"}],"curies":[{"name":"wp","href":"https:\/\/api.w.org\/{rel}","templated":true}]}}