{"id":938,"date":"2022-03-04T04:32:55","date_gmt":"2022-03-04T04:32:55","guid":{"rendered":"https:\/\/sas-eurodistribution.com\/?page_id=938"},"modified":"2023-08-30T13:05:15","modified_gmt":"2023-08-30T11:05:15","slug":"admission","status":"publish","type":"page","link":"https:\/\/sas-eurodistribution.com\/pt\/admission\/","title":{"rendered":"Admission"},"content":{"rendered":"<div data-elementor-type=\"wp-page\" data-elementor-id=\"938\" class=\"elementor elementor-938\" data-elementor-post-type=\"page\">\n\t\t\t\t\t\t<section class=\"elementor-section elementor-top-section elementor-element elementor-element-fbd8b85 elementor-section-boxed elementor-section-height-default elementor-section-height-default\" data-id=\"fbd8b85\" data-element_type=\"section\" data-e-type=\"section\" data-settings=\"{&quot;background_background&quot;:&quot;classic&quot;}\">\n\t\t\t\t\t\t<div class=\"elementor-container elementor-column-gap-no\">\n\t\t\t\t\t<div class=\"elementor-column elementor-col-100 elementor-top-column elementor-element elementor-element-12023fb\" data-id=\"12023fb\" data-element_type=\"column\" data-e-type=\"column\">\n\t\t\t<div class=\"elementor-widget-wrap elementor-element-populated\">\n\t\t\t\t\t\t<section class=\"elementor-section elementor-inner-section elementor-element elementor-element-5ac675f elementor-section-boxed elementor-section-height-default elementor-section-height-default\" data-id=\"5ac675f\" data-element_type=\"section\" data-e-type=\"section\">\n\t\t\t\t\t\t<div class=\"elementor-container elementor-column-gap-no\">\n\t\t\t\t\t<div class=\"elementor-column elementor-col-100 elementor-inner-column elementor-element elementor-element-1378fb8\" data-id=\"1378fb8\" data-element_type=\"column\" data-e-type=\"column\">\n\t\t\t<div class=\"elementor-widget-wrap elementor-element-populated\">\n\t\t\t\t\t\t<div class=\"elementor-element elementor-element-1ad68a8 elementor-widget elementor-widget-heading\" data-id=\"1ad68a8\" data-element_type=\"widget\" data-e-type=\"widget\" data-widget_type=\"heading.default\">\n\t\t\t\t<div class=\"elementor-widget-container\">\n\t\t\t\t\t<h3 class=\"elementor-heading-title elementor-size-default\">Informa\u00e7\u00f5es antes da compra<\/h3>\t\t\t\t<\/div>\n\t\t\t\t<\/div>\n\t\t\t\t\t<\/div>\n\t\t<\/div>\n\t\t\t\t\t<\/div>\n\t\t<\/section>\n\t\t\t\t<section class=\"elementor-section elementor-inner-section elementor-element elementor-element-f4ac31b elementor-section-boxed elementor-section-height-default elementor-section-height-default\" data-id=\"f4ac31b\" data-element_type=\"section\" data-e-type=\"section\">\n\t\t\t\t\t\t<div class=\"elementor-container elementor-column-gap-no\">\n\t\t\t\t\t<div class=\"elementor-column elementor-col-50 elementor-inner-column elementor-element elementor-element-3700ebb\" data-id=\"3700ebb\" data-element_type=\"column\" data-e-type=\"column\">\n\t\t\t<div class=\"elementor-widget-wrap elementor-element-populated\">\n\t\t\t\t\t\t<div class=\"elementor-element elementor-element-bfa1bbf elementor-widget elementor-widget-heading\" data-id=\"bfa1bbf\" data-element_type=\"widget\" data-e-type=\"widget\" data-widget_type=\"heading.default\">\n\t\t\t\t<div class=\"elementor-widget-container\">\n\t\t\t\t\t<h2 class=\"elementor-heading-title elementor-size-default\">01<\/h2>\t\t\t\t<\/div>\n\t\t\t\t<\/div>\n\t\t\t\t<div class=\"elementor-element elementor-element-f4f09b0 elementor-widget elementor-widget-icon-box\" data-id=\"f4f09b0\" data-element_type=\"widget\" data-e-type=\"widget\" data-widget_type=\"icon-box.default\">\n\t\t\t\t<div class=\"elementor-widget-container\">\n\t\t\t\t\t\t\t<div class=\"elementor-icon-box-wrapper\">\n\n\t\t\t\n\t\t\t\t\t\t<div class=\"elementor-icon-box-content\">\n\n\t\t\t\t\t\t\t\t\t<h5 class=\"elementor-icon-box-title\">\n\t\t\t\t\t\t<span  >\n\t\t\t\t\t\t\tExporta\u00e7\u00e3o - Alemanha - Fran\u00e7a - B\u00e9lgica-Portugal\t\t\t\t\t\t<\/span>\n\t\t\t\t\t<\/h5>\n\t\t\t\t\n\t\t\t\t\t\t\t\t\t<p class=\"elementor-icon-box-description\">\n\t\t\t\t\t\tOferecemos oportunidades para autom\u00f3veis exportados da Alemanha em perfeito estado de carro\u00e7aria e motor, sem acidentes, a pre\u00e7os muito atractivos.\n\nFazemos entregas em Fran\u00e7a e na B\u00e9lgica.\n\nAs taxas que aplicamos na Alemanha s\u00e3o as mesmas que oferecemos para a Fran\u00e7a e a B\u00e9lgica, o que explica a atratividade dos nossos pre\u00e7os.\n\nA este pre\u00e7o acresce 500 euros para o transporte para registar um ve\u00edculo em Fran\u00e7a ou na B\u00e9lgica.\t\t\t\t\t<\/p>\n\t\t\t\t\n\t\t\t<\/div>\n\t\t\t\n\t\t<\/div>\n\t\t\t\t\t\t<\/div>\n\t\t\t\t<\/div>\n\t\t\t\t\t<\/div>\n\t\t<\/div>\n\t\t\t\t<div class=\"elementor-column elementor-col-50 elementor-inner-column elementor-element elementor-element-216a15e\" data-id=\"216a15e\" data-element_type=\"column\" data-e-type=\"column\">\n\t\t\t<div class=\"elementor-widget-wrap elementor-element-populated\">\n\t\t\t\t\t\t<div class=\"elementor-element elementor-element-95eb57d elementor-widget elementor-widget-heading\" data-id=\"95eb57d\" data-element_type=\"widget\" data-e-type=\"widget\" data-widget_type=\"heading.default\">\n\t\t\t\t<div class=\"elementor-widget-container\">\n\t\t\t\t\t<h2 class=\"elementor-heading-title elementor-size-default\">02<\/h2>\t\t\t\t<\/div>\n\t\t\t\t<\/div>\n\t\t\t\t<div class=\"elementor-element elementor-element-359a350 elementor-widget elementor-widget-icon-box\" data-id=\"359a350\" data-element_type=\"widget\" data-e-type=\"widget\" data-widget_type=\"icon-box.default\">\n\t\t\t\t<div class=\"elementor-widget-container\">\n\t\t\t\t\t\t\t<div class=\"elementor-icon-box-wrapper\">\n\n\t\t\t\n\t\t\t\t\t\t<div class=\"elementor-icon-box-content\">\n\n\t\t\t\t\t\t\t\t\t<h5 class=\"elementor-icon-box-title\">\n\t\t\t\t\t\t<span  >\n\t\t\t\t\t\t\tSimula\u00e7\u00e3o\t\t\t\t\t\t<\/span>\n\t\t\t\t\t<\/h5>\n\t\t\t\t\n\t\t\t\t\t\t\t\t\t<p class=\"elementor-icon-box-description\">\n\t\t\t\t\t\tPara um autom\u00f3vel anunciado a 10 000 euros, o pre\u00e7o de venda com registo em seu nome e entrega ao domic\u00edlio \u00e9 de 10 500 euros.\n\nPrazo de entrega na B\u00e9lgica ou em Fran\u00e7a: 5 dias.\t\t\t\t\t<\/p>\n\t\t\t\t\n\t\t\t<\/div>\n\t\t\t\n\t\t<\/div>\n\t\t\t\t\t\t<\/div>\n\t\t\t\t<\/div>\n\t\t\t\t\t<\/div>\n\t\t<\/div>\n\t\t\t\t\t<\/div>\n\t\t<\/section>\n\t\t\t\t<section class=\"elementor-section elementor-inner-section elementor-element elementor-element-348d5ab elementor-section-boxed elementor-section-height-default elementor-section-height-default\" data-id=\"348d5ab\" data-element_type=\"section\" data-e-type=\"section\">\n\t\t\t\t\t\t<div class=\"elementor-container elementor-column-gap-no\">\n\t\t\t\t\t<div class=\"elementor-column elementor-col-50 elementor-inner-column elementor-element elementor-element-90d91e7\" data-id=\"90d91e7\" data-element_type=\"column\" data-e-type=\"column\">\n\t\t\t<div class=\"elementor-widget-wrap elementor-element-populated\">\n\t\t\t\t\t\t<div class=\"elementor-element elementor-element-6f5ec09 elementor-widget elementor-widget-heading\" data-id=\"6f5ec09\" data-element_type=\"widget\" data-e-type=\"widget\" data-widget_type=\"heading.default\">\n\t\t\t\t<div class=\"elementor-widget-container\">\n\t\t\t\t\t<h2 class=\"elementor-heading-title elementor-size-default\">03<\/h2>\t\t\t\t<\/div>\n\t\t\t\t<\/div>\n\t\t\t\t<div class=\"elementor-element elementor-element-15c75bd elementor-widget elementor-widget-icon-box\" data-id=\"15c75bd\" data-element_type=\"widget\" data-e-type=\"widget\" data-widget_type=\"icon-box.default\">\n\t\t\t\t<div class=\"elementor-widget-container\">\n\t\t\t\t\t\t\t<div class=\"elementor-icon-box-wrapper\">\n\n\t\t\t\n\t\t\t\t\t\t<div class=\"elementor-icon-box-content\">\n\n\t\t\t\t\t\t\t\t\t<h5 class=\"elementor-icon-box-title\">\n\t\t\t\t\t\t<span  >\n\t\t\t\t\t\t\tFacilidade de pagamento\t\t\t\t\t\t<\/span>\n\t\t\t\t\t<\/h5>\n\t\t\t\t\n\t\t\t\t\n\t\t\t<\/div>\n\t\t\t\n\t\t<\/div>\n\t\t\t\t\t\t<\/div>\n\t\t\t\t<\/div>\n\t\t\t\t<div class=\"elementor-element elementor-element-1c04be5 elementor-widget elementor-widget-text-editor\" data-id=\"1c04be5\" data-element_type=\"widget\" data-e-type=\"widget\" data-widget_type=\"text-editor.default\">\n\t\t\t\t<div class=\"elementor-widget-container\">\n\t\t\t\t\t\t\t\t\t<p>Para pagamento fraccionado, dever\u00e1 pagar um dep\u00f3sito m\u00ednimo de 25% e os restantes 75% em presta\u00e7\u00f5es mensais, durante um per\u00edodo \u00e0 sua escolha entre 6 e 36 meses, com uma taxa de juro de 0%.<\/p><p><br \/><strong>DOCUMENTOS A FORNECER<\/strong><br \/>-Documento de identidade<br \/>-Conta residencial.<\/p>\t\t\t\t\t\t\t\t<\/div>\n\t\t\t\t<\/div>\n\t\t\t\t\t<\/div>\n\t\t<\/div>\n\t\t\t\t<div class=\"elementor-column elementor-col-50 elementor-inner-column elementor-element elementor-element-d67f9f5\" data-id=\"d67f9f5\" data-element_type=\"column\" data-e-type=\"column\">\n\t\t\t<div class=\"elementor-widget-wrap elementor-element-populated\">\n\t\t\t\t\t\t<div class=\"elementor-element elementor-element-cf5ccc1 elementor-widget elementor-widget-heading\" data-id=\"cf5ccc1\" data-element_type=\"widget\" data-e-type=\"widget\" data-widget_type=\"heading.default\">\n\t\t\t\t<div class=\"elementor-widget-container\">\n\t\t\t\t\t<h2 class=\"elementor-heading-title elementor-size-default\">04<\/h2>\t\t\t\t<\/div>\n\t\t\t\t<\/div>\n\t\t\t\t<div class=\"elementor-element elementor-element-759e6ed elementor-widget elementor-widget-icon-box\" data-id=\"759e6ed\" data-element_type=\"widget\" data-e-type=\"widget\" data-widget_type=\"icon-box.default\">\n\t\t\t\t<div class=\"elementor-widget-container\">\n\t\t\t\t\t\t\t<div class=\"elementor-icon-box-wrapper\">\n\n\t\t\t\n\t\t\t\t\t\t<div class=\"elementor-icon-box-content\">\n\n\t\t\t\t\t\t\t\t\t<h5 class=\"elementor-icon-box-title\">\n\t\t\t\t\t\t<span  >\n\t\t\t\t\t\t\tPol\u00edtica de devolu\u00e7\u00f5es e garantia\t\t\t\t\t\t<\/span>\n\t\t\t\t\t<\/h5>\n\t\t\t\t\n\t\t\t\t\n\t\t\t<\/div>\n\t\t\t\n\t\t<\/div>\n\t\t\t\t\t\t<\/div>\n\t\t\t\t<\/div>\n\t\t\t\t<div class=\"elementor-element elementor-element-797e8c5 elementor-widget elementor-widget-text-editor\" data-id=\"797e8c5\" data-element_type=\"widget\" data-e-type=\"widget\" data-widget_type=\"text-editor.default\">\n\t\t\t\t<div class=\"elementor-widget-container\">\n\t\t\t\t\t\t\t\t\t<p>Para garantir uma melhor transa\u00e7\u00e3o, as nossas vendas est\u00e3o sujeitas aos termos e pol\u00edticas de devolu\u00e7\u00e3o em vigor:<\/p><p>Ap\u00f3s a entrega, de acordo com a legisla\u00e7\u00e3o de defesa do consumidor online, tem 14 dias para recusar ou trocar o ve\u00edculo ou receber o reembolso.<\/p><p>\u2013 Caso o ve\u00edculo n\u00e3o esteja em conformidade ap\u00f3s as verifica\u00e7\u00f5es de entrega, o cliente poder\u00e1 recus\u00e1-lo, troc\u00e1-lo ou receber um reembolso sem grandes complica\u00e7\u00f5es.<\/p><p>\u2013 Ap\u00f3s a entrega do autom\u00f3vel, \u00e9 atribu\u00edda ao comprador uma oficina mec\u00e2nica na sua zona residencial, que ser\u00e1 respons\u00e1vel pela garantia do ve\u00edculo.<\/p><p>Para mais informa\u00e7\u00f5es sobre os procedimentos de encomenda, contacte um representante de vendas atrav\u00e9s do WhatsApp ou do Messenger.<\/p>\t\t\t\t\t\t\t\t<\/div>\n\t\t\t\t<\/div>\n\t\t\t\t\t<\/div>\n\t\t<\/div>\n\t\t\t\t\t<\/div>\n\t\t<\/section>\n\t\t\t\t<section class=\"elementor-section elementor-inner-section elementor-element elementor-element-eebebc1 elementor-section-boxed elementor-section-height-default elementor-section-height-default\" data-id=\"eebebc1\" data-element_type=\"section\" data-e-type=\"section\">\n\t\t\t\t\t\t<div class=\"elementor-container elementor-column-gap-no\">\n\t\t\t\t\t<div class=\"elementor-column elementor-col-100 elementor-inner-column elementor-element elementor-element-cd85b81\" data-id=\"cd85b81\" data-element_type=\"column\" data-e-type=\"column\">\n\t\t\t<div class=\"elementor-widget-wrap elementor-element-populated\">\n\t\t\t\t\t\t<div class=\"elementor-element elementor-element-d81430c elementor-widget elementor-widget-heading\" data-id=\"d81430c\" data-element_type=\"widget\" data-e-type=\"widget\" data-widget_type=\"heading.default\">\n\t\t\t\t<div class=\"elementor-widget-container\">\n\t\t\t\t\t<h2 class=\"elementor-heading-title elementor-size-default\">05<\/h2>\t\t\t\t<\/div>\n\t\t\t\t<\/div>\n\t\t\t\t<div class=\"elementor-element elementor-element-2d1c4e4 elementor-widget elementor-widget-heading\" data-id=\"2d1c4e4\" data-element_type=\"widget\" data-e-type=\"widget\" data-widget_type=\"heading.default\">\n\t\t\t\t<div class=\"elementor-widget-container\">\n\t\t\t\t\t<h5 class=\"elementor-heading-title elementor-size-default\">Importante saber<\/h5>\t\t\t\t<\/div>\n\t\t\t\t<\/div>\n\t\t\t\t<div class=\"elementor-element elementor-element-5988334 elementor-widget elementor-widget-text-editor\" data-id=\"5988334\" data-element_type=\"widget\" data-e-type=\"widget\" data-widget_type=\"text-editor.default\">\n\t\t\t\t<div class=\"elementor-widget-container\">\n\t\t\t\t\t\t\t\t\t<p>Importamos os nossos ve\u00edculos da Alemanha \ud83c\udde9\ud83c\uddea e apenas por encomenda.<\/p><p>-O pre\u00e7o apresentado em cada autom\u00f3vel inclui todos os impostos de importa\u00e7\u00e3o at\u00e9 ao registo, inclusive.<\/p><p>Entregamos o ve\u00edculo com todos os documentos e a documenta\u00e7\u00e3o em seu nome, incluindo o certificado de matr\u00edcula e a matr\u00edcula do seu pa\u00eds, j\u00e1 legalizados.<\/p><p>A entrega \u00e9 feita at\u00e9 5 dias por 500\u20ac. Assim, para obter o pre\u00e7o com todos os impostos inclu\u00eddos, adicione 500\u20ac ao pre\u00e7o apresentado no an\u00fancio.<\/p><p>A vantagem dos nossos pre\u00e7os de venda face ao pre\u00e7o de mercado deve-se ao facto de as importa\u00e7\u00f5es efetuadas pela nossa empresa j\u00e1 n\u00e3o estarem sujeitas a um IVA adicional de 20%, uma vez que somos uma empresa especializada no setor autom\u00f3vel e possu\u00edmos um n\u00famero de IVA intracomunit\u00e1rio que nos permite exportar para toda a Europa sem impostos adicionais.<\/p><p>-Para encomendar um ve\u00edculo, ser\u00e1 fornecido um or\u00e7amento.<br \/>Ap\u00f3s a apresenta\u00e7\u00e3o deste or\u00e7amento, solicitamos um dep\u00f3sito de 25% atrav\u00e9s de transfer\u00eancia banc\u00e1ria antes do envio do ve\u00edculo, uma vez que n\u00e3o podemos transportar um ve\u00edculo sem a confirma\u00e7\u00e3o da compra. O saldo remanescente dever\u00e1 ser pago no ato da entrega, ap\u00f3s o teste de condu\u00e7\u00e3o. <br \/>Caso o ve\u00edculo n\u00e3o esteja em condi\u00e7\u00f5es de utiliza\u00e7\u00e3o ap\u00f3s as verifica\u00e7\u00f5es no momento da entrega, poder\u00e1 ser recusado e o valor ser\u00e1 reembolsado sem grandes complica\u00e7\u00f5es.<\/p><p>De acordo com os nossos termos de venda, confirme para receber os termos e pol\u00edticas de devolu\u00e7\u00e3o em vigor.<\/p>\t\t\t\t\t\t\t\t<\/div>\n\t\t\t\t<\/div>\n\t\t\t\t\t<\/div>\n\t\t<\/div>\n\t\t\t\t\t<\/div>\n\t\t<\/section>\n\t\t\t\t\t<\/div>\n\t\t<\/div>\n\t\t\t\t\t<\/div>\n\t\t<\/section>\n\t\t\t\t<section class=\"elementor-section elementor-top-section elementor-element elementor-element-7311fbe3 elementor-section-boxed elementor-section-height-default elementor-section-height-default\" data-id=\"7311fbe3\" data-element_type=\"section\" data-e-type=\"section\" data-settings=\"{&quot;background_background&quot;:&quot;gradient&quot;}\">\n\t\t\t\t\t\t<div class=\"elementor-container elementor-column-gap-no\">\n\t\t\t\t\t<div class=\"elementor-column elementor-col-100 elementor-top-column elementor-element elementor-element-73df5c41\" data-id=\"73df5c41\" data-element_type=\"column\" data-e-type=\"column\">\n\t\t\t<div class=\"elementor-widget-wrap elementor-element-populated\">\n\t\t\t\t\t\t<section class=\"elementor-section elementor-inner-section elementor-element elementor-element-4d719689 elementor-section-full_width elementor-section-height-default elementor-section-height-default\" data-id=\"4d719689\" data-element_type=\"section\" data-e-type=\"section\">\n\t\t\t\t\t\t<div class=\"elementor-container elementor-column-gap-no\">\n\t\t\t\t\t<div class=\"elementor-column elementor-col-50 elementor-inner-column elementor-element elementor-element-69bf9fb6\" data-id=\"69bf9fb6\" data-element_type=\"column\" data-e-type=\"column\">\n\t\t\t<div class=\"elementor-widget-wrap elementor-element-populated\">\n\t\t\t\t\t\t<div class=\"elementor-element elementor-element-53be75ed elementor-widget elementor-widget-image\" data-id=\"53be75ed\" data-element_type=\"widget\" data-e-type=\"widget\" data-widget_type=\"image.default\">\n\t\t\t\t<div class=\"elementor-widget-container\">\n\t\t\t\t\t\t\t\t\t\t\t\t\t\t\t<img decoding=\"async\" src=\"https:\/\/sas-eurodistribution.com\/wp-content\/uploads\/elementor\/thumbs\/img-9-diapo_92-vehicules-d-exception-importez-votre-voiture-en-toute-quietude-1520934070-1-qarqoqkzdc8hiuecc1hg2p2g3hmu9i36hftcpxxcio.jpg\" title=\"img-9-diapo_92-vehicules-d-exception&#8212;importez-votre-voiture-en-toute-quietude-1520934070\" alt=\"img-9-diapo_92-vehicules-d-exception---importez-votre-voiture-en-toute-quietude-1520934070\" loading=\"lazy\" \/>\t\t\t\t\t\t\t\t\t\t\t\t\t\t\t<\/div>\n\t\t\t\t<\/div>\n\t\t\t\t\t<\/div>\n\t\t<\/div>\n\t\t\t\t<div class=\"elementor-column elementor-col-50 elementor-inner-column elementor-element elementor-element-987abee\" data-id=\"987abee\" data-element_type=\"column\" data-e-type=\"column\">\n\t\t\t<div class=\"elementor-widget-wrap elementor-element-populated\">\n\t\t\t\t\t\t<div class=\"elementor-element elementor-element-e95fb65 elementor-widget elementor-widget-image\" data-id=\"e95fb65\" data-element_type=\"widget\" data-e-type=\"widget\" data-widget_type=\"image.default\">\n\t\t\t\t<div class=\"elementor-widget-container\">\n\t\t\t\t\t\t\t\t\t\t\t\t\t\t\t<img decoding=\"async\" src=\"https:\/\/sas-eurodistribution.com\/wp-content\/uploads\/elementor\/thumbs\/1662945610_327_Les-25-meilleures-voitures-a-transmission-manuelle-en-2022-qarqaya74td38qf8u2yfi6b2g1l1dbcwl7czbud7s0.jpg\" title=\"1662945610_327_Les-25-meilleures-voitures-a-transmission-manuelle-en-2022\" alt=\"1662945610_327_Les-25-meilleures-voitures-a-transmission-manuelle-en-2022\" loading=\"lazy\" \/>\t\t\t\t\t\t\t\t\t\t\t\t\t\t\t<\/div>\n\t\t\t\t<\/div>\n\t\t\t\t\t<\/div>\n\t\t<\/div>\n\t\t\t\t\t<\/div>\n\t\t<\/section>\n\t\t\t\t<section class=\"elementor-section elementor-inner-section elementor-element elementor-element-be2915e elementor-section-full_width elementor-section-height-default elementor-section-height-default\" data-id=\"be2915e\" data-element_type=\"section\" data-e-type=\"section\">\n\t\t\t\t\t\t<div class=\"elementor-container elementor-column-gap-no\">\n\t\t\t\t\t<div class=\"elementor-column elementor-col-25 elementor-inner-column elementor-element elementor-element-55e64bb8\" data-id=\"55e64bb8\" data-element_type=\"column\" data-e-type=\"column\">\n\t\t\t<div class=\"elementor-widget-wrap elementor-element-populated\">\n\t\t\t\t\t\t<div class=\"elementor-element elementor-element-644f990f elementor-widget elementor-widget-image\" data-id=\"644f990f\" data-element_type=\"widget\" data-e-type=\"widget\" data-widget_type=\"image.default\">\n\t\t\t\t<div class=\"elementor-widget-container\">\n\t\t\t\t\t\t\t\t\t\t\t\t\t\t\t<img decoding=\"async\" src=\"https:\/\/sas-eurodistribution.com\/wp-content\/uploads\/elementor\/thumbs\/pexels-kamshotthat-3457780-scaled-qarqk39lk3x3blg77ny3x9cu7dizu0jzo0opots00w.jpg\" title=\"pexels-kamshotthat-3457780\" alt=\"pexels-kamshotthat-3457780\" loading=\"lazy\" \/>\t\t\t\t\t\t\t\t\t\t\t\t\t\t\t<\/div>\n\t\t\t\t<\/div>\n\t\t\t\t\t<\/div>\n\t\t<\/div>\n\t\t\t\t<div class=\"elementor-column elementor-col-25 elementor-inner-column elementor-element elementor-element-6acb8036\" data-id=\"6acb8036\" data-element_type=\"column\" data-e-type=\"column\">\n\t\t\t<div class=\"elementor-widget-wrap elementor-element-populated\">\n\t\t\t\t\t\t<div class=\"elementor-element elementor-element-7c79cd85 elementor-widget elementor-widget-image\" data-id=\"7c79cd85\" data-element_type=\"widget\" data-e-type=\"widget\" data-widget_type=\"image.default\">\n\t\t\t\t<div class=\"elementor-widget-container\">\n\t\t\t\t\t\t\t\t\t\t\t\t\t\t\t<img decoding=\"async\" src=\"https:\/\/sas-eurodistribution.com\/wp-content\/uploads\/elementor\/thumbs\/pexels-evgeniy-zabrodin-8634582-scaled-qarql8mhwthpifs4i5toyyx4cbv58p46hpe2t02of4.jpg\" title=\"pexels-evgeniy-zabrodin-8634582\" alt=\"pexels-evgeniy-zabrodin-8634582\" loading=\"lazy\" \/>\t\t\t\t\t\t\t\t\t\t\t\t\t\t\t<\/div>\n\t\t\t\t<\/div>\n\t\t\t\t\t<\/div>\n\t\t<\/div>\n\t\t\t\t<div class=\"elementor-column elementor-col-50 elementor-inner-column elementor-element elementor-element-5d49b198\" data-id=\"5d49b198\" data-element_type=\"column\" data-e-type=\"column\">\n\t\t\t<div class=\"elementor-widget-wrap elementor-element-populated\">\n\t\t\t\t\t\t<div class=\"elementor-element elementor-element-2eedc942 elementor-widget elementor-widget-image\" data-id=\"2eedc942\" data-element_type=\"widget\" data-e-type=\"widget\" data-widget_type=\"image.default\">\n\t\t\t\t<div class=\"elementor-widget-container\">\n\t\t\t\t\t\t\t\t\t\t\t\t\t\t\t<img decoding=\"async\" src=\"https:\/\/sas-eurodistribution.com\/wp-content\/uploads\/elementor\/thumbs\/evialog.85550699.logo_-qarodqg1v0lyagys0nuge543nkqzjpkhelws3azvz4.jpeg\" title=\"evialog.85550699.logo\" alt=\"evialog.85550699.logo\" loading=\"lazy\" \/>\t\t\t\t\t\t\t\t\t\t\t\t\t\t\t<\/div>\n\t\t\t\t<\/div>\n\t\t\t\t\t<\/div>\n\t\t<\/div>\n\t\t\t\t\t<\/div>\n\t\t<\/section>\n\t\t\t\t\t<\/div>\n\t\t<\/div>\n\t\t\t\t\t<\/div>\n\t\t<\/section>\n\t\t\t\t<\/div>","protected":false},"excerpt":{"rendered":"<p>Informations avant achat 01 Exportation \u2013 Allemagne \u2013 France \u2013 Belgique-Portugal Nous offrons des opportunit\u00e9s de voitures export\u00e9es de l\u2019Allemagne en parfait \u00e9tat niveau carrosserie et moteur , non accident\u00e9es, \u00e0 des prix tr\u00e8s attractifs. Nous livrons en France et en Belgique. Les tarifs que nous appliquons en Allemagne sont les m\u00eames que nous offrons [&hellip;]<\/p>\n","protected":false},"author":1,"featured_media":0,"parent":0,"menu_order":0,"comment_status":"closed","ping_status":"closed","template":"","meta":{"site-sidebar-layout":"no-sidebar","site-content-layout":"page-builder","ast-site-content-layout":"default","site-content-style":"default","site-sidebar-style":"default","ast-global-header-display":"","ast-banner-title-visibility":"","ast-main-header-display":"","ast-hfb-above-header-display":"","ast-hfb-below-header-display":"","ast-hfb-mobile-header-display":"","site-post-title":"disabled","ast-breadcrumbs-content":"","ast-featured-img":"disabled","footer-sml-layout":"","ast-disable-related-posts":"","theme-transparent-header-meta":"enabled","adv-header-id-meta":"","stick-header-meta":"","header-above-stick-meta":"","header-main-stick-meta":"","header-below-stick-meta":"","astra-migrate-meta-layouts":"default","ast-page-background-enabled":"default","ast-page-background-meta":{"desktop":{"background-color":"var(--ast-global-color-4)","background-image":"","background-repeat":"repeat","background-position":"center center","background-size":"auto","background-attachment":"scroll","background-type":"","background-media":"","overlay-type":"","overlay-color":"","overlay-opacity":"","overlay-gradient":""},"tablet":{"background-color":"","background-image":"","background-repeat":"repeat","background-position":"center center","background-size":"auto","background-attachment":"scroll","background-type":"","background-media":"","overlay-type":"","overlay-color":"","overlay-opacity":"","overlay-gradient":""},"mobile":{"background-color":"","background-image":"","background-repeat":"repeat","background-position":"center center","background-size":"auto","background-attachment":"scroll","background-type":"","background-media":"","overlay-type":"","overlay-color":"","overlay-opacity":"","overlay-gradient":""}},"ast-content-background-meta":{"desktop":{"background-color":"var(--ast-global-color-5)","background-image":"","background-repeat":"repeat","background-position":"center center","background-size":"auto","background-attachment":"scroll","background-type":"","background-media":"","overlay-type":"","overlay-color":"","overlay-opacity":"","overlay-gradient":""},"tablet":{"background-color":"var(--ast-global-color-5)","background-image":"","background-repeat":"repeat","background-position":"center center","background-size":"auto","background-attachment":"scroll","background-type":"","background-media":"","overlay-type":"","overlay-color":"","overlay-opacity":"","overlay-gradient":""},"mobile":{"background-color":"var(--ast-global-color-5)","background-image":"","background-repeat":"repeat","background-position":"center center","background-size":"auto","background-attachment":"scroll","background-type":"","background-media":"","overlay-type":"","overlay-color":"","overlay-opacity":"","overlay-gradient":""}},"footnotes":""},"class_list":["post-938","page","type-page","status-publish","hentry"],"_links":{"self":[{"href":"https:\/\/sas-eurodistribution.com\/pt\/wp-json\/wp\/v2\/pages\/938","targetHints":{"allow":["GET"]}}],"collection":[{"href":"https:\/\/sas-eurodistribution.com\/pt\/wp-json\/wp\/v2\/pages"}],"about":[{"href":"https:\/\/sas-eurodistribution.com\/pt\/wp-json\/wp\/v2\/types\/page"}],"author":[{"embeddable":true,"href":"https:\/\/sas-eurodistribution.com\/pt\/wp-json\/wp\/v2\/users\/1"}],"replies":[{"embeddable":true,"href":"https:\/\/sas-eurodistribution.com\/pt\/wp-json\/wp\/v2\/comments?post=938"}],"version-history":[{"count":22,"href":"https:\/\/sas-eurodistribution.com\/pt\/wp-json\/wp\/v2\/pages\/938\/revisions"}],"predecessor-version":[{"id":1788,"href":"https:\/\/sas-eurodistribution.com\/pt\/wp-json\/wp\/v2\/pages\/938\/revisions\/1788"}],"wp:attachment":[{"href":"https:\/\/sas-eurodistribution.com\/pt\/wp-json\/wp\/v2\/media?parent=938"}],"curies":[{"name":"wp","href":"https:\/\/api.w.org\/{rel}","templated":true}]}}